{"id":3280,"date":"2022-06-16T09:46:25","date_gmt":"2022-06-16T09:46:25","guid":{"rendered":"https:\/\/pharmactuel.ch\/?page_id=3280"},"modified":"2022-12-01T10:33:01","modified_gmt":"2022-12-01T10:33:01","slug":"infos-abonnenten_fr","status":"publish","type":"page","link":"https:\/\/pharmactuel.ch\/fr\/infos-abonnenten_fr\/","title":{"rendered":"infos-Abonnenten_fr"},"content":{"rendered":"\t\t<div data-elementor-type=\"wp-page\" data-elementor-id=\"3280\" class=\"elementor elementor-3280 elementor-3264\" data-elementor-post-type=\"page\">\n\t\t\t\t\t\t<section class=\"elementor-section elementor-top-section elementor-element elementor-element-83f4d01 elementor-section-boxed elementor-section-height-default elementor-section-height-default\" data-id=\"83f4d01\" data-element_type=\"section\" data-e-type=\"section\">\n\t\t\t\t\t\t<div class=\"elementor-container elementor-column-gap-default\">\n\t\t\t\t\t<div class=\"elementor-column elementor-col-100 elementor-top-column elementor-element elementor-element-e59ab8f\" data-id=\"e59ab8f\" data-element_type=\"column\" data-e-type=\"column\">\n\t\t\t<div class=\"elementor-widget-wrap elementor-element-populated\">\n\t\t\t\t\t\t<section class=\"elementor-section elementor-inner-section elementor-element elementor-element-31f92d4 elementor-section-boxed elementor-section-height-default elementor-section-height-default\" data-id=\"31f92d4\" data-element_type=\"section\" data-e-type=\"section\">\n\t\t\t\t\t\t<div class=\"elementor-container elementor-column-gap-default\">\n\t\t\t\t\t<div class=\"elementor-column elementor-col-50 elementor-inner-column elementor-element elementor-element-b3c1985\" data-id=\"b3c1985\" data-element_type=\"column\" data-e-type=\"column\" data-settings=\"{&quot;background_background&quot;:&quot;classic&quot;,&quot;animation&quot;:&quot;none&quot;}\">\n\t\t\t<div class=\"elementor-widget-wrap elementor-element-populated\">\n\t\t\t\t\t\t<div class=\"elementor-element elementor-element-e50a691 elementor-widget elementor-widget-heading\" data-id=\"e50a691\" data-element_type=\"widget\" data-e-type=\"widget\" data-widget_type=\"heading.default\">\n\t\t\t\t<div class=\"elementor-widget-container\">\n\t\t\t\t\t<h2 class=\"elementor-heading-title elementor-size-default\">Informations pour les abonn\u00e9s<\/h2>\t\t\t\t<\/div>\n\t\t\t\t<\/div>\n\t\t\t\t<div class=\"elementor-element elementor-element-47b98dc elementor-widget elementor-widget-uael-infobox\" data-id=\"47b98dc\" data-element_type=\"widget\" data-e-type=\"widget\" data-widget_type=\"uael-infobox.default\">\n\t\t\t\t<div class=\"elementor-widget-container\">\n\t\t\t\t\t\n<div class=\"uael-module-content uael-infobox uael-imgicon-style-normal  infobox-has-photo uael-infobox-photo-above-title  uael-infobox-link-type-module\">\n\t<div class=\"uael-infobox-left-right-wrap\">\n\t\t\t\t\t<a class=\"uael-infobox-module-link\" aria-label=\"Infobox Link\"><\/a>\n\t\t\t\t\t\t\t<div class=\"uael-infobox-content\">\n\t\t\t\t\t\t\t<div class=\"uael-module-content uael-imgicon-wrap \">\t\t\t\t\t\t\t\t\t\t\t\n\t\t\t\t\t\t\t\t\t\t\t\t\t\t\t\t<div class=\"uael-image\" itemscope itemtype=\"http:\/\/schema.org\/ImageObject\">\n\t\t\t\t\t\t\t<div class=\"uael-image-content elementor-animation-bounce-in \">\n\t\t\t\t\t\t\t\t<img fetchpriority=\"high\" decoding=\"async\" width=\"795\" height=\"703\" src=\"https:\/\/pharmactuel.ch\/wp-content\/uploads\/2020\/12\/pictos_Themenheft-2.png\" class=\"attachment-full size-full wp-image-58\" alt=\"PharmActuel-pictos-Themenheft\" srcset=\"https:\/\/pharmactuel.ch\/wp-content\/uploads\/2020\/12\/pictos_Themenheft-2.png 795w, https:\/\/pharmactuel.ch\/wp-content\/uploads\/2020\/12\/pictos_Themenheft-2-300x265.png 300w, https:\/\/pharmactuel.ch\/wp-content\/uploads\/2020\/12\/pictos_Themenheft-2-768x679.png 768w\" sizes=\"(max-width: 795px) 100vw, 795px\" \/>\t\t\t\t\t\t\t<\/div>\n\t\t\t\t\t\t<\/div>\n\n\t\t\t\t\t\t\t\t\t<\/div>\n\t\t\t\t\t\t\t<div class='uael-infobox-title-wrap'><\/div>\t\t\t\t\t\t\t\t\t<div class=\"uael-infobox-text-wrap\">\n\t\t\t\t<div class=\"uael-infobox-text elementor-inline-editing\" data-elementor-setting-key=\"infobox_description\" data-elementor-inline-editing-toolbar=\"advanced\">\n\t\t\t\t\t\t\t\t\t<\/div>\n\t\t\t\t\t\n\t\t\t\t\t\t\t<\/div>\n\t\t<\/div>\n\t\t\t<\/div>\n<\/div>\n\t\t\t\t<\/div>\n\t\t\t\t<\/div>\n\t\t\t\t\t<\/div>\n\t\t<\/div>\n\t\t\t\t<div class=\"elementor-column elementor-col-50 elementor-inner-column elementor-element elementor-element-d751040\" data-id=\"d751040\" data-element_type=\"column\" data-e-type=\"column\" data-settings=\"{&quot;background_background&quot;:&quot;classic&quot;,&quot;animation&quot;:&quot;none&quot;}\">\n\t\t\t<div class=\"elementor-widget-wrap elementor-element-populated\">\n\t\t\t\t\t\t<div class=\"elementor-element elementor-element-ec03f69 elementor-widget elementor-widget-heading\" data-id=\"ec03f69\" data-element_type=\"widget\" data-e-type=\"widget\" data-widget_type=\"heading.default\">\n\t\t\t\t<div class=\"elementor-widget-container\">\n\t\t\t\t\t<h4 class=\"elementor-heading-title elementor-size-default\">Le quiz en ligne fonctionne ainsi<\/h4>\t\t\t\t<\/div>\n\t\t\t\t<\/div>\n\t\t\t\t<div class=\"elementor-element elementor-element-6fa10dc elementor-widget elementor-widget-text-editor\" data-id=\"6fa10dc\" data-element_type=\"widget\" data-e-type=\"widget\" data-widget_type=\"text-editor.default\">\n\t\t\t\t<div class=\"elementor-widget-container\">\n\t\t\t\t\t\t\t\t\t<p>Dans les r\u00e9actions des lecteurs, des questions et commentaires sur le quiz en ligne apparaissent r\u00e9guli\u00e8rement. Nous aimerions donc pr\u00e9ciser quelques points \u00e0 ce sujet :<\/p><p><strong>D\u00e9roulement du quiz en ligne<\/strong><\/p><p>Vous aurez besoin d&rsquo;environ 15 minutes pour r\u00e9pondre aux questions. Si vous avez r\u00e9pondu correctement \u00e0 70% des questions, vous avez r\u00e9ussi le test. Vous recevrez la r\u00e9solution des questions ainsi que votre score imm\u00e9diatement apr\u00e8s avoir termin\u00e9 le test.<\/p><p>Vous avez deux tentatives \u00e0 votre disposition. Le test n\u2019est termin\u00e9 que lorsque vous cliquez sur le bouton \u00ab Terminer le test \u00bb. Vous pouvez donc ouvrir et fermer le quiz ou sauter de question en question autant que vous voulez.<\/p><p>D\u00e8s que vous avez fini le test deux fois, le statut du test sur votre chemin d\u2019apprentissage se met sur \u00ab Bloqu\u00e9 \u00bb. Cela signifie simplement que les deux essais sont \u00e9puis\u00e9s et ne contient aucune indication sur le r\u00e9sultat de votre test.<\/p>\t\t\t\t\t\t\t\t<\/div>\n\t\t\t\t<\/div>\n\t\t\t\t<div class=\"elementor-element elementor-element-b8fc061 elementor-widget elementor-widget-image\" data-id=\"b8fc061\" data-element_type=\"widget\" data-e-type=\"widget\" data-widget_type=\"image.default\">\n\t\t\t\t<div class=\"elementor-widget-container\">\n\t\t\t\t\t\t\t\t\t\t\t\t\t\t\t<img decoding=\"async\" width=\"800\" height=\"48\" src=\"https:\/\/pharmactuel.ch\/wp-content\/uploads\/2022\/12\/Image_quiz-1_FR-1024x62.png\" class=\"attachment-large size-large wp-image-3747\" alt=\"\" srcset=\"https:\/\/pharmactuel.ch\/wp-content\/uploads\/2022\/12\/Image_quiz-1_FR-1024x62.png 1024w, https:\/\/pharmactuel.ch\/wp-content\/uploads\/2022\/12\/Image_quiz-1_FR-300x18.png 300w, https:\/\/pharmactuel.ch\/wp-content\/uploads\/2022\/12\/Image_quiz-1_FR-768x46.png 768w, https:\/\/pharmactuel.ch\/wp-content\/uploads\/2022\/12\/Image_quiz-1_FR-1536x92.png 1536w, https:\/\/pharmactuel.ch\/wp-content\/uploads\/2022\/12\/Image_quiz-1_FR.png 1629w\" sizes=\"(max-width: 800px) 100vw, 800px\" \/>\t\t\t\t\t\t\t\t\t\t\t\t\t\t\t<\/div>\n\t\t\t\t<\/div>\n\t\t\t\t<div class=\"elementor-element elementor-element-9ed26ae elementor-widget elementor-widget-text-editor\" data-id=\"9ed26ae\" data-element_type=\"widget\" data-e-type=\"widget\" data-widget_type=\"text-editor.default\">\n\t\t\t\t<div class=\"elementor-widget-container\">\n\t\t\t\t\t\t\t\t\t<p><strong>Certificat<\/strong><\/p><p>Si vous avez r\u00e9ussi le test, vous recevez 25 points FPH ainsi qu\u2019un certificat. Ceci se trouve sur votre lieu de formation de <a href=\"https:\/\/hciacademy.ch\/e-tutor\/v4\/user\/learnplace\/index\">HCI Academy<\/a> via l\u2019onglet \u00ab Mes succ\u00e8s \u00bb, \u00ab Inventaire de formation \u00bb. L&rsquo;ic\u00f4ne avec le symbole de l&rsquo;imprimante vous permet de t\u00e9l\u00e9charger votre certificat.<\/p><p><strong>Attention : le certificat ne peut \u00eatre t\u00e9l\u00e9charg\u00e9 et imprim\u00e9 que le lendemain de la r\u00e9ception du certificat.<\/strong><\/p>\t\t\t\t\t\t\t\t<\/div>\n\t\t\t\t<\/div>\n\t\t\t\t<div class=\"elementor-element elementor-element-3a9017b elementor-widget elementor-widget-image\" data-id=\"3a9017b\" data-element_type=\"widget\" data-e-type=\"widget\" data-widget_type=\"image.default\">\n\t\t\t\t<div class=\"elementor-widget-container\">\n\t\t\t\t\t\t\t\t\t\t\t\t\t\t\t<img decoding=\"async\" width=\"800\" height=\"262\" src=\"https:\/\/pharmactuel.ch\/wp-content\/uploads\/2022\/06\/bildungsinventar_fr-1024x335.png\" class=\"attachment-large size-large wp-image-3281\" alt=\"\" srcset=\"https:\/\/pharmactuel.ch\/wp-content\/uploads\/2022\/06\/bildungsinventar_fr-1024x335.png 1024w, https:\/\/pharmactuel.ch\/wp-content\/uploads\/2022\/06\/bildungsinventar_fr-300x98.png 300w, https:\/\/pharmactuel.ch\/wp-content\/uploads\/2022\/06\/bildungsinventar_fr-768x251.png 768w, https:\/\/pharmactuel.ch\/wp-content\/uploads\/2022\/06\/bildungsinventar_fr.png 1500w\" sizes=\"(max-width: 800px) 100vw, 800px\" \/>\t\t\t\t\t\t\t\t\t\t\t\t\t\t\t<\/div>\n\t\t\t\t<\/div>\n\t\t\t\t<div class=\"elementor-element elementor-element-9ee94ac elementor-widget elementor-widget-text-editor\" data-id=\"9ee94ac\" data-element_type=\"widget\" data-e-type=\"widget\" data-widget_type=\"text-editor.default\">\n\t\t\t\t<div class=\"elementor-widget-container\">\n\t\t\t\t\t\t\t\t\t<p><strong>Ordre des r\u00e9ponses<\/strong><\/p><p>Nous savons que l\u2019ordre des r\u00e9ponses en ligne ne correspond pas avec ceux du cahier. Ceci s&rsquo;explique par des raisons techniques et ne peut pas \u00eatre facilement reprogramm\u00e9. Nous vous remercions de votre compr\u00e9hension.<\/p><p><strong>Affichage de la r\u00e9ponse correct<\/strong><\/p><p>Pour afficher la r\u00e9ponse correcte, merci d\u2019utiliser le bouton \u00ab Afficher une solution mod\u00e8le \u00bb.<\/p><p>Si, apr\u00e8s la saisie de la r\u00e9ponse, vous utilisez \u00ab\u00a0continuer\u00a0\u00bb, ce n&rsquo;est pas la r\u00e9solution de la question qui s&rsquo;affiche, mais une \u00e9valuation de votre r\u00e9ponse. Le mieux c\u2019est de l\u2019expliquer avec un exemple :<\/p><p>Question :<\/p>\t\t\t\t\t\t\t\t<\/div>\n\t\t\t\t<\/div>\n\t\t\t\t<div class=\"elementor-element elementor-element-0d3b257 elementor-widget elementor-widget-image\" data-id=\"0d3b257\" data-element_type=\"widget\" data-e-type=\"widget\" data-widget_type=\"image.default\">\n\t\t\t\t<div class=\"elementor-widget-container\">\n\t\t\t\t\t\t\t\t\t\t\t\t\t\t\t<img loading=\"lazy\" decoding=\"async\" width=\"800\" height=\"421\" src=\"https:\/\/pharmactuel.ch\/wp-content\/uploads\/2022\/06\/ihre-Antwort_fr-1024x539.png\" class=\"attachment-large size-large wp-image-3289\" alt=\"\" srcset=\"https:\/\/pharmactuel.ch\/wp-content\/uploads\/2022\/06\/ihre-Antwort_fr-1024x539.png 1024w, https:\/\/pharmactuel.ch\/wp-content\/uploads\/2022\/06\/ihre-Antwort_fr-300x158.png 300w, https:\/\/pharmactuel.ch\/wp-content\/uploads\/2022\/06\/ihre-Antwort_fr-768x404.png 768w, https:\/\/pharmactuel.ch\/wp-content\/uploads\/2022\/06\/ihre-Antwort_fr.png 1500w\" sizes=\"(max-width: 800px) 100vw, 800px\" \/>\t\t\t\t\t\t\t\t\t\t\t\t\t\t\t<\/div>\n\t\t\t\t<\/div>\n\t\t\t\t<div class=\"elementor-element elementor-element-2a2f70f elementor-widget elementor-widget-text-editor\" data-id=\"2a2f70f\" data-element_type=\"widget\" data-e-type=\"widget\" data-widget_type=\"text-editor.default\">\n\t\t\t\t<div class=\"elementor-widget-container\">\n\t\t\t\t\t\t\t\t\t<p>Par exemple, vous choisissez la r\u00e9ponse (fausse) \u00ab Un THS peut augmenter le risque d\u2019ost\u00e9oporose\u00a0\u00bb et cliquez ensuite sur \u00ab\u00a0Continuer\u00a0\u00bb. La bonne r\u00e9ponse serait cependant \u00ab\u00a0Un THS doit uniquement \u00eatre utilis\u00e9 au dosage le plus faible sur une p\u00e9riode la plus br\u00e8ve possible\u00a0\u00bb.<\/p><p>L&rsquo;annonce suivante s&rsquo;affiche\u00a0:<\/p>\t\t\t\t\t\t\t\t<\/div>\n\t\t\t\t<\/div>\n\t\t\t\t<div class=\"elementor-element elementor-element-bae0fb0 elementor-widget elementor-widget-image\" data-id=\"bae0fb0\" data-element_type=\"widget\" data-e-type=\"widget\" data-widget_type=\"image.default\">\n\t\t\t\t<div class=\"elementor-widget-container\">\n\t\t\t\t\t\t\t\t\t\t\t\t\t\t\t<img loading=\"lazy\" decoding=\"async\" width=\"800\" height=\"536\" src=\"https:\/\/pharmactuel.ch\/wp-content\/uploads\/2022\/06\/ihre-Antwort2_fr-1-1024x686.png\" class=\"attachment-large size-large wp-image-3285\" alt=\"\" srcset=\"https:\/\/pharmactuel.ch\/wp-content\/uploads\/2022\/06\/ihre-Antwort2_fr-1-1024x686.png 1024w, https:\/\/pharmactuel.ch\/wp-content\/uploads\/2022\/06\/ihre-Antwort2_fr-1-300x201.png 300w, https:\/\/pharmactuel.ch\/wp-content\/uploads\/2022\/06\/ihre-Antwort2_fr-1-768x515.png 768w, https:\/\/pharmactuel.ch\/wp-content\/uploads\/2022\/06\/ihre-Antwort2_fr-1.png 1500w\" sizes=\"(max-width: 800px) 100vw, 800px\" \/>\t\t\t\t\t\t\t\t\t\t\t\t\t\t\t<\/div>\n\t\t\t\t<\/div>\n\t\t\t\t<div class=\"elementor-element elementor-element-0fae625 elementor-widget elementor-widget-text-editor\" data-id=\"0fae625\" data-element_type=\"widget\" data-e-type=\"widget\" data-widget_type=\"text-editor.default\">\n\t\t\t\t<div class=\"elementor-widget-container\">\n\t\t\t\t\t\t\t\t\t<p style=\"text-align: center;\">Cela signifie\u00a0:<\/p><ul><li>Vous n\u2019avez pas correctement identifi\u00e9 que la r\u00e9ponse \u00ab Un THS peut augmenter le risque d&rsquo;ost\u00e9oporose \u00bb est fausse (vous avez choisi cette r\u00e9ponse \u00e0 tort).<\/li><li>Vous avez correctement identifi\u00e9 que la r\u00e9ponse \u00ab\u00a0Un THS peut r\u00e9duire le risque de cancer de sein \u00bb est fausse.<\/li><li>Vous avez correctement identifi\u00e9 que la r\u00e9ponse \u00ab\u00a0Un THS est indiqu\u00e9 chez toutes les femmes de plus de 55 ans\u00a0\u00bb est fausse.<\/li><li>Vous n\u2019avez pas correctement identifi\u00e9 que la r\u00e9ponse \u00ab\u00a0Un THS doit uniquement \u00eatre utilis\u00e9 au dosage le plus faible sur une p\u00e9riode la plus br\u00e8ve possible\u00a0\u00bb est correcte.<\/li><\/ul><p>Pour afficher la bonne r\u00e9ponse, s\u00e9lectionnez le bouton \u00ab Afficher une solution mod\u00e8le \u00bb :<\/p>\t\t\t\t\t\t\t\t<\/div>\n\t\t\t\t<\/div>\n\t\t\t\t<div class=\"elementor-element elementor-element-8ea5142 elementor-widget elementor-widget-image\" data-id=\"8ea5142\" data-element_type=\"widget\" data-e-type=\"widget\" data-widget_type=\"image.default\">\n\t\t\t\t<div class=\"elementor-widget-container\">\n\t\t\t\t\t\t\t\t\t\t\t\t\t\t\t<img loading=\"lazy\" decoding=\"async\" width=\"800\" height=\"419\" src=\"https:\/\/pharmactuel.ch\/wp-content\/uploads\/2022\/06\/Musterlo\u0308sung_fr-1024x536.png\" class=\"attachment-large size-large wp-image-3291\" alt=\"\" srcset=\"https:\/\/pharmactuel.ch\/wp-content\/uploads\/2022\/06\/Musterlo\u0308sung_fr-1024x536.png 1024w, https:\/\/pharmactuel.ch\/wp-content\/uploads\/2022\/06\/Musterlo\u0308sung_fr-300x157.png 300w, https:\/\/pharmactuel.ch\/wp-content\/uploads\/2022\/06\/Musterlo\u0308sung_fr-768x402.png 768w, https:\/\/pharmactuel.ch\/wp-content\/uploads\/2022\/06\/Musterlo\u0308sung_fr.png 1500w\" sizes=\"(max-width: 800px) 100vw, 800px\" \/>\t\t\t\t\t\t\t\t\t\t\t\t\t\t\t<\/div>\n\t\t\t\t<\/div>\n\t\t\t\t<div class=\"elementor-element elementor-element-11ed1a2 elementor-widget elementor-widget-text-editor\" data-id=\"11ed1a2\" data-element_type=\"widget\" data-e-type=\"widget\" data-widget_type=\"text-editor.default\">\n\t\t\t\t<div class=\"elementor-widget-container\">\n\t\t\t\t\t\t\t\t\t<p><span lang=\"FR-CH\">Nous sommes \u00e0 votre disposition pour toute question suppl\u00e9mentaire. <\/span>Ecrivez-nous \u00e0 <a title=\"mailto:info@pharmactuel.ch\" contenteditable=\"false\" href=\"mailto:info@pharmactuel.ch\" target=\"_blank\" rel=\"noopener\">info@pharmactuel.ch<\/a>.<\/p>\t\t\t\t\t\t\t\t<\/div>\n\t\t\t\t<\/div>\n\t\t\t\t\t<\/div>\n\t\t<\/div>\n\t\t\t\t\t<\/div>\n\t\t<\/section>\n\t\t\t\t\t<\/div>\n\t\t<\/div>\n\t\t\t\t\t<\/div>\n\t\t<\/section>\n\t\t\t\t<\/div>\n\t\t","protected":false},"excerpt":{"rendered":"<p>Informations pour les abonn\u00e9s Le quiz en ligne fonctionne ainsi Dans les r\u00e9actions des lecteurs, des questions et commentaires sur le quiz en ligne apparaissent r\u00e9guli\u00e8rement. Nous aimerions donc pr\u00e9ciser quelques points \u00e0 ce sujet : D\u00e9roulement du quiz en ligne Vous aurez besoin d&rsquo;environ 15 minutes pour r\u00e9pondre aux questions. Si vous avez r\u00e9pondu [&hellip;]<\/p>\n","protected":false},"author":1,"featured_media":0,"parent":0,"menu_order":0,"comment_status":"closed","ping_status":"closed","template":"","meta":{"_acf_changed":false,"footnotes":""},"class_list":["post-3280","page","type-page","status-publish","hentry"],"acf":[],"_links":{"self":[{"href":"https:\/\/pharmactuel.ch\/fr\/wp-json\/wp\/v2\/pages\/3280","targetHints":{"allow":["GET"]}}],"collection":[{"href":"https:\/\/pharmactuel.ch\/fr\/wp-json\/wp\/v2\/pages"}],"about":[{"href":"https:\/\/pharmactuel.ch\/fr\/wp-json\/wp\/v2\/types\/page"}],"author":[{"embeddable":true,"href":"https:\/\/pharmactuel.ch\/fr\/wp-json\/wp\/v2\/users\/1"}],"replies":[{"embeddable":true,"href":"https:\/\/pharmactuel.ch\/fr\/wp-json\/wp\/v2\/comments?post=3280"}],"version-history":[{"count":30,"href":"https:\/\/pharmactuel.ch\/fr\/wp-json\/wp\/v2\/pages\/3280\/revisions"}],"predecessor-version":[{"id":3754,"href":"https:\/\/pharmactuel.ch\/fr\/wp-json\/wp\/v2\/pages\/3280\/revisions\/3754"}],"wp:attachment":[{"href":"https:\/\/pharmactuel.ch\/fr\/wp-json\/wp\/v2\/media?parent=3280"}],"curies":[{"name":"wp","href":"https:\/\/api.w.org\/{rel}","templated":true}]}}